{"id":93,"date":"2020-03-21T09:34:25","date_gmt":"2020-03-21T09:34:25","guid":{"rendered":"https:\/\/kita-luetzelbach-evangelisch.de\/?page_id=93"},"modified":"2025-01-08T13:42:23","modified_gmt":"2025-01-08T13:42:23","slug":"ueber-uns","status":"publish","type":"page","link":"https:\/\/kita-luetzelbach-evangelisch.de\/?page_id=93","title":{"rendered":"Wer wir sind"},"content":{"rendered":"\n<p><strong>Wir \u201eDie kleinen Strolche\u201c<\/strong>&nbsp;sind die Evangelische Kita in L\u00fctzelbach. Unsere Einrichtung umfasst drei Gruppen f\u00fcr Kinder von 3-6 Jahren mit jeweils bis zu 25 Kindern und zwei Krippen f\u00fcr Kinder von 1-3 Jahren mit jeweils bis zu 12 Kindern. Das Betreuungsangebot umfasst Halbtags- sowie Ganztagspl\u00e4tze inklusive Fr\u00fchst\u00fcck und Mittagessen.<\/p>\n\n\n\n<p><strong>Lage und Einzugsgebiet:<\/strong><\/p>\n\n\n\n<p>Die Kita liegt zentral im Wohngebiet, in direkter Nachbarschaft zur Grundschule, an der Fritz Walter-Halle (Mehrzweckhalle) und in unmittelbarer N\u00e4he des Sportplatzes. Die N\u00e4he zum Ortskern er\u00f6ffnet uns viele Kooperationen und M\u00f6glichkeiten f\u00fcr Ausfl\u00fcge mit den Kindern. Wir sind eine von 5 Kitas in der Kommune L\u00fctzelbach.<\/p>\n\n\n\n<p><strong>Tr\u00e4ger:<\/strong><\/p>\n\n\n\n<p>Anfang des Jahres 2017 wechselte die Tr\u00e4gerschaft von der Evangelischen Kirchengemeinde L\u00fctzel-Wiebelsbach hin zur G\u00dcT (Gemeinde\u00fcbergreifende Tr\u00e4gerschaft) des Dekanats Odenwald mit Sitz in Bad K\u00f6nig. Das \u201eZentrum Bildung\u201c der EKHN (Evangelische Kirche Hessen\/Nassau) begleitet mit einer Fachberatung die p\u00e4dagogische Arbeit vor Ort.<\/p>\n\n\n\n<p><strong>Geschichte:<\/strong><\/p>\n\n\n\n<p>Seit den 1930er Jahren besteht unsere Kita. Im Jahr 1992 zogen wir in ein neues Geb\u00e4ude mit 3 altersgemischten Gruppen. Im August 2016 erhielten wir die Betriebserlaubnis, 12 Kinder im Alter von 1-3 Jahren in einer separaten Gruppe zu betreuen. Im Oktober 2020 er\u00f6ffneten wir eine weitere Krippengruppe in einem von der Kommune finanzierten Containerbau. Anfang 2024 wurde dieser f\u00fcr beide Krippengruppen erweitert, so dass im Haupthaus eine neue Gruppe f\u00fcr Kinder ab 3 Jahren frei wurde.<\/p>\n\n\n\n<p><strong>Team:<\/strong><\/p>\n\n\n\n<p>Zu unserem Team geh\u00f6ren die P\u00e4dagogischen Fachkr\u00e4fte (Leitung und Stellvertretung inbegriffen), eine zus\u00e4tzliche Fachkraft f\u00fcr Sprache, studentische Aushilfen, sowie Hauswirtschafterinnen, Reinigungskr\u00e4fte und ein Hausmeister.<\/p>\n","protected":false},"excerpt":{"rendered":"<p>Wir \u201eDie kleinen Strolche\u201c&nbsp;sind die Evangelische Kita in L\u00fctzelbach. Unsere Einrichtung umfasst drei Gruppen f\u00fcr Kinder von 3-6 Jahren mit jeweils bis zu 25 Kindern und zwei Krippen f\u00fcr Kinder von 1-3 Jahren mit jeweils bis zu 12 Kindern. Das &hellip; <a href=\"https:\/\/kita-luetzelbach-evangelisch.de\/?page_id=93\">Weiterlesen <span class=\"meta-nav\">&rarr;<\/span><\/a><\/p>\n","protected":false},"author":1,"featured_media":0,"parent":0,"menu_order":0,"comment_status":"closed","ping_status":"closed","template":"sidebar-page.php","meta":{"footnotes":""},"class_list":["post-93","page","type-page","status-publish","hentry"],"_links":{"self":[{"href":"https:\/\/kita-luetzelbach-evangelisch.de\/index.php?rest_route=\/wp\/v2\/pages\/93","targetHints":{"allow":["GET"]}}],"collection":[{"href":"https:\/\/kita-luetzelbach-evangelisch.de\/index.php?rest_route=\/wp\/v2\/pages"}],"about":[{"href":"https:\/\/kita-luetzelbach-evangelisch.de\/index.php?rest_route=\/wp\/v2\/types\/page"}],"author":[{"embeddable":true,"href":"https:\/\/kita-luetzelbach-evangelisch.de\/index.php?rest_route=\/wp\/v2\/users\/1"}],"replies":[{"embeddable":true,"href":"https:\/\/kita-luetzelbach-evangelisch.de\/index.php?rest_route=%2Fwp%2Fv2%2Fcomments&post=93"}],"version-history":[{"count":13,"href":"https:\/\/kita-luetzelbach-evangelisch.de\/index.php?rest_route=\/wp\/v2\/pages\/93\/revisions"}],"predecessor-version":[{"id":8526,"href":"https:\/\/kita-luetzelbach-evangelisch.de\/index.php?rest_route=\/wp\/v2\/pages\/93\/revisions\/8526"}],"wp:attachment":[{"href":"https:\/\/kita-luetzelbach-evangelisch.de\/index.php?rest_route=%2Fwp%2Fv2%2Fmedia&parent=93"}],"curies":[{"name":"wp","href":"https:\/\/api.w.org\/{rel}","templated":true}]}}