{"id":57,"date":"2020-03-21T09:17:02","date_gmt":"2020-03-21T09:17:02","guid":{"rendered":"https:\/\/kita-luetzelbach-evangelisch.de\/?page_id=57"},"modified":"2021-07-26T10:17:45","modified_gmt":"2021-07-26T10:17:45","slug":"konzeption","status":"publish","type":"page","link":"https:\/\/kita-luetzelbach-evangelisch.de\/?page_id=57","title":{"rendered":"Konzeption"},"content":{"rendered":"\n<p>Das Wichtigste f\u00fcr Familien in einer Brosch\u00fcre &#8211; das ist unser n\u00e4chstes Ziel! Gut Ding will Weile haben, deshalb ist sie noch nicht fertig. Was wir euch aber schon zeigen k\u00f6nnen, ist ein kleiner Einblick \u00fcber einen Flyer in unsere K\u00fcche:<\/p>\n\n\n\n<figure class=\"wp-block-image size-large\"><img loading=\"lazy\" decoding=\"async\" width=\"1024\" height=\"724\" src=\"https:\/\/kita-luetzelbach-evangelisch.de\/wp-content\/uploads\/2021\/07\/0001-3-1024x724.jpg\" alt=\"\" class=\"wp-image-2879\" srcset=\"https:\/\/kita-luetzelbach-evangelisch.de\/wp-content\/uploads\/2021\/07\/0001-3-1024x724.jpg 1024w, https:\/\/kita-luetzelbach-evangelisch.de\/wp-content\/uploads\/2021\/07\/0001-3-300x212.jpg 300w, https:\/\/kita-luetzelbach-evangelisch.de\/wp-content\/uploads\/2021\/07\/0001-3-768x543.jpg 768w, https:\/\/kita-luetzelbach-evangelisch.de\/wp-content\/uploads\/2021\/07\/0001-3-1536x1086.jpg 1536w, https:\/\/kita-luetzelbach-evangelisch.de\/wp-content\/uploads\/2021\/07\/0001-3-424x300.jpg 424w, https:\/\/kita-luetzelbach-evangelisch.de\/wp-content\/uploads\/2021\/07\/0001-3.jpg 1683w\" sizes=\"auto, (max-width: 1024px) 100vw, 1024px\" \/><\/figure>\n\n\n\n<figure class=\"wp-block-image size-large\"><img loading=\"lazy\" decoding=\"async\" width=\"1024\" height=\"724\" src=\"https:\/\/kita-luetzelbach-evangelisch.de\/wp-content\/uploads\/2021\/07\/0002-1-1024x724.jpg\" alt=\"\" class=\"wp-image-2880\" srcset=\"https:\/\/kita-luetzelbach-evangelisch.de\/wp-content\/uploads\/2021\/07\/0002-1-1024x724.jpg 1024w, https:\/\/kita-luetzelbach-evangelisch.de\/wp-content\/uploads\/2021\/07\/0002-1-300x212.jpg 300w, https:\/\/kita-luetzelbach-evangelisch.de\/wp-content\/uploads\/2021\/07\/0002-1-768x543.jpg 768w, https:\/\/kita-luetzelbach-evangelisch.de\/wp-content\/uploads\/2021\/07\/0002-1-1536x1086.jpg 1536w, https:\/\/kita-luetzelbach-evangelisch.de\/wp-content\/uploads\/2021\/07\/0002-1-424x300.jpg 424w, https:\/\/kita-luetzelbach-evangelisch.de\/wp-content\/uploads\/2021\/07\/0002-1.jpg 1683w\" sizes=\"auto, (max-width: 1024px) 100vw, 1024px\" \/><\/figure>\n","protected":false},"excerpt":{"rendered":"<p>Das Wichtigste f\u00fcr Familien in einer Brosch\u00fcre &#8211; das ist unser n\u00e4chstes Ziel! Gut Ding will Weile haben, deshalb ist sie noch nicht fertig. Was wir euch aber schon zeigen k\u00f6nnen, ist ein kleiner Einblick \u00fcber einen Flyer in unsere &hellip; <a href=\"https:\/\/kita-luetzelbach-evangelisch.de\/?page_id=57\">Weiterlesen <span class=\"meta-nav\">&rarr;<\/span><\/a><\/p>\n","protected":false},"author":1,"featured_media":0,"parent":93,"menu_order":0,"comment_status":"closed","ping_status":"closed","template":"","meta":{"footnotes":""},"class_list":["post-57","page","type-page","status-publish","hentry"],"_links":{"self":[{"href":"https:\/\/kita-luetzelbach-evangelisch.de\/index.php?rest_route=\/wp\/v2\/pages\/57","targetHints":{"allow":["GET"]}}],"collection":[{"href":"https:\/\/kita-luetzelbach-evangelisch.de\/index.php?rest_route=\/wp\/v2\/pages"}],"about":[{"href":"https:\/\/kita-luetzelbach-evangelisch.de\/index.php?rest_route=\/wp\/v2\/types\/page"}],"author":[{"embeddable":true,"href":"https:\/\/kita-luetzelbach-evangelisch.de\/index.php?rest_route=\/wp\/v2\/users\/1"}],"replies":[{"embeddable":true,"href":"https:\/\/kita-luetzelbach-evangelisch.de\/index.php?rest_route=%2Fwp%2Fv2%2Fcomments&post=57"}],"version-history":[{"count":3,"href":"https:\/\/kita-luetzelbach-evangelisch.de\/index.php?rest_route=\/wp\/v2\/pages\/57\/revisions"}],"predecessor-version":[{"id":2883,"href":"https:\/\/kita-luetzelbach-evangelisch.de\/index.php?rest_route=\/wp\/v2\/pages\/57\/revisions\/2883"}],"up":[{"embeddable":true,"href":"https:\/\/kita-luetzelbach-evangelisch.de\/index.php?rest_route=\/wp\/v2\/pages\/93"}],"wp:attachment":[{"href":"https:\/\/kita-luetzelbach-evangelisch.de\/index.php?rest_route=%2Fwp%2Fv2%2Fmedia&parent=57"}],"curies":[{"name":"wp","href":"https:\/\/api.w.org\/{rel}","templated":true}]}}