{"id":44,"date":"2020-03-21T09:14:10","date_gmt":"2020-03-21T09:14:10","guid":{"rendered":"https:\/\/kita-luetzelbach-evangelisch.de\/?page_id=44"},"modified":"2021-11-26T12:17:19","modified_gmt":"2021-11-26T12:17:19","slug":"krippe","status":"publish","type":"page","link":"https:\/\/kita-luetzelbach-evangelisch.de\/?page_id=44","title":{"rendered":"Krippe"},"content":{"rendered":"\n<p>R\u00e4umlichkeiten der Ganztagskrippengruppe &#8222;Rote Strolche&#8220;<\/p>\n\n\n\n<figure class=\"wp-block-gallery columns-3 is-cropped wp-block-gallery-1 is-layout-flex wp-block-gallery-is-layout-flex\"><ul class=\"blocks-gallery-grid\"><li class=\"blocks-gallery-item\"><figure><img loading=\"lazy\" decoding=\"async\" width=\"1024\" height=\"768\" src=\"https:\/\/kita-luetzelbach-evangelisch.de\/wp-content\/uploads\/2021\/09\/89AE9145-AD76-4751-AF56-B086E73E860B.jpeg\" alt=\"\" data-id=\"3091\" data-full-url=\"https:\/\/kita-luetzelbach-evangelisch.de\/wp-content\/uploads\/2021\/09\/89AE9145-AD76-4751-AF56-B086E73E860B.jpeg\" data-link=\"https:\/\/kita-luetzelbach-evangelisch.de\/?attachment_id=3091\" class=\"wp-image-3091\" srcset=\"https:\/\/kita-luetzelbach-evangelisch.de\/wp-content\/uploads\/2021\/09\/89AE9145-AD76-4751-AF56-B086E73E860B.jpeg 1024w, https:\/\/kita-luetzelbach-evangelisch.de\/wp-content\/uploads\/2021\/09\/89AE9145-AD76-4751-AF56-B086E73E860B-300x225.jpeg 300w, https:\/\/kita-luetzelbach-evangelisch.de\/wp-content\/uploads\/2021\/09\/89AE9145-AD76-4751-AF56-B086E73E860B-768x576.jpeg 768w, https:\/\/kita-luetzelbach-evangelisch.de\/wp-content\/uploads\/2021\/09\/89AE9145-AD76-4751-AF56-B086E73E860B-400x300.jpeg 400w\" sizes=\"auto, (max-width: 1024px) 100vw, 1024px\" \/><figcaption class=\"blocks-gallery-item__caption\">Ruhe-\/Schlafraum<\/figcaption><\/figure><\/li><li class=\"blocks-gallery-item\"><figure><img loading=\"lazy\" decoding=\"async\" width=\"2560\" height=\"1920\" src=\"https:\/\/kita-luetzelbach-evangelisch.de\/wp-content\/uploads\/2021\/11\/8CB6C04E-4D65-48F8-B4DF-BFBEDBC1AA36-scaled.jpeg\" alt=\"\" data-id=\"3343\" data-full-url=\"https:\/\/kita-luetzelbach-evangelisch.de\/wp-content\/uploads\/2021\/11\/8CB6C04E-4D65-48F8-B4DF-BFBEDBC1AA36-scaled.jpeg\" data-link=\"https:\/\/kita-luetzelbach-evangelisch.de\/?attachment_id=3343\" class=\"wp-image-3343\" srcset=\"https:\/\/kita-luetzelbach-evangelisch.de\/wp-content\/uploads\/2021\/11\/8CB6C04E-4D65-48F8-B4DF-BFBEDBC1AA36-scaled.jpeg 2560w, https:\/\/kita-luetzelbach-evangelisch.de\/wp-content\/uploads\/2021\/11\/8CB6C04E-4D65-48F8-B4DF-BFBEDBC1AA36-300x225.jpeg 300w, https:\/\/kita-luetzelbach-evangelisch.de\/wp-content\/uploads\/2021\/11\/8CB6C04E-4D65-48F8-B4DF-BFBEDBC1AA36-1024x768.jpeg 1024w, https:\/\/kita-luetzelbach-evangelisch.de\/wp-content\/uploads\/2021\/11\/8CB6C04E-4D65-48F8-B4DF-BFBEDBC1AA36-768x576.jpeg 768w, https:\/\/kita-luetzelbach-evangelisch.de\/wp-content\/uploads\/2021\/11\/8CB6C04E-4D65-48F8-B4DF-BFBEDBC1AA36-1536x1152.jpeg 1536w, https:\/\/kita-luetzelbach-evangelisch.de\/wp-content\/uploads\/2021\/11\/8CB6C04E-4D65-48F8-B4DF-BFBEDBC1AA36-2048x1536.jpeg 2048w, https:\/\/kita-luetzelbach-evangelisch.de\/wp-content\/uploads\/2021\/11\/8CB6C04E-4D65-48F8-B4DF-BFBEDBC1AA36-400x300.jpeg 400w\" sizes=\"auto, (max-width: 2560px) 100vw, 2560px\" \/><figcaption class=\"blocks-gallery-item__caption\">Hochebene<\/figcaption><\/figure><\/li><li class=\"blocks-gallery-item\"><figure><img loading=\"lazy\" decoding=\"async\" width=\"768\" height=\"1024\" src=\"https:\/\/kita-luetzelbach-evangelisch.de\/wp-content\/uploads\/2021\/11\/1-4.jpg\" alt=\"\" data-id=\"3368\" data-full-url=\"https:\/\/kita-luetzelbach-evangelisch.de\/wp-content\/uploads\/2021\/11\/1-4.jpg\" data-link=\"https:\/\/kita-luetzelbach-evangelisch.de\/?attachment_id=3368\" class=\"wp-image-3368\" srcset=\"https:\/\/kita-luetzelbach-evangelisch.de\/wp-content\/uploads\/2021\/11\/1-4.jpg 768w, https:\/\/kita-luetzelbach-evangelisch.de\/wp-content\/uploads\/2021\/11\/1-4-225x300.jpg 225w\" sizes=\"auto, (max-width: 768px) 100vw, 768px\" \/><figcaption class=\"blocks-gallery-item__caption\">Wickelbereich und Kindertoilette<\/figcaption><\/figure><\/li><li class=\"blocks-gallery-item\"><figure><img loading=\"lazy\" decoding=\"async\" width=\"768\" height=\"1024\" src=\"https:\/\/kita-luetzelbach-evangelisch.de\/wp-content\/uploads\/2021\/09\/2F93BA37-E1A3-4755-9E8F-C9F783CECBD9.jpeg\" alt=\"\" data-id=\"3090\" data-full-url=\"https:\/\/kita-luetzelbach-evangelisch.de\/wp-content\/uploads\/2021\/09\/2F93BA37-E1A3-4755-9E8F-C9F783CECBD9.jpeg\" data-link=\"https:\/\/kita-luetzelbach-evangelisch.de\/?attachment_id=3090\" class=\"wp-image-3090\" srcset=\"https:\/\/kita-luetzelbach-evangelisch.de\/wp-content\/uploads\/2021\/09\/2F93BA37-E1A3-4755-9E8F-C9F783CECBD9.jpeg 768w, https:\/\/kita-luetzelbach-evangelisch.de\/wp-content\/uploads\/2021\/09\/2F93BA37-E1A3-4755-9E8F-C9F783CECBD9-225x300.jpeg 225w\" sizes=\"auto, (max-width: 768px) 100vw, 768px\" \/><figcaption class=\"blocks-gallery-item__caption\">Gruppenraum<\/figcaption><\/figure><\/li><\/ul><\/figure>\n\n\n\n<p>Das Au\u00dfengel\u00e4nde teilen sich die Krippengruppen, dadurch und mit vielen weiteren gemeinsamen Projekten schaffen wir Begegnung.<\/p>\n\n\n\n<figure class=\"wp-block-gallery columns-3 is-cropped wp-block-gallery-2 is-layout-flex wp-block-gallery-is-layout-flex\"><ul class=\"blocks-gallery-grid\"><li class=\"blocks-gallery-item\"><figure><img loading=\"lazy\" decoding=\"async\" width=\"768\" height=\"1024\" src=\"https:\/\/kita-luetzelbach-evangelisch.de\/wp-content\/uploads\/2021\/11\/70ED8EB0-1F2D-4615-90BE-A468E40B3EDD.jpeg\" alt=\"\" data-id=\"3340\" data-full-url=\"https:\/\/kita-luetzelbach-evangelisch.de\/wp-content\/uploads\/2021\/11\/70ED8EB0-1F2D-4615-90BE-A468E40B3EDD.jpeg\" data-link=\"https:\/\/kita-luetzelbach-evangelisch.de\/?attachment_id=3340\" class=\"wp-image-3340\" srcset=\"https:\/\/kita-luetzelbach-evangelisch.de\/wp-content\/uploads\/2021\/11\/70ED8EB0-1F2D-4615-90BE-A468E40B3EDD.jpeg 768w, https:\/\/kita-luetzelbach-evangelisch.de\/wp-content\/uploads\/2021\/11\/70ED8EB0-1F2D-4615-90BE-A468E40B3EDD-225x300.jpeg 225w\" sizes=\"auto, (max-width: 768px) 100vw, 768px\" \/><\/figure><\/li><li class=\"blocks-gallery-item\"><figure><img loading=\"lazy\" decoding=\"async\" width=\"768\" height=\"1024\" src=\"https:\/\/kita-luetzelbach-evangelisch.de\/wp-content\/uploads\/2021\/11\/1FC9CDEA-25AD-43D1-9214-F773254CD37A.jpeg\" alt=\"\" data-id=\"3341\" data-full-url=\"https:\/\/kita-luetzelbach-evangelisch.de\/wp-content\/uploads\/2021\/11\/1FC9CDEA-25AD-43D1-9214-F773254CD37A.jpeg\" data-link=\"https:\/\/kita-luetzelbach-evangelisch.de\/?attachment_id=3341\" class=\"wp-image-3341\" srcset=\"https:\/\/kita-luetzelbach-evangelisch.de\/wp-content\/uploads\/2021\/11\/1FC9CDEA-25AD-43D1-9214-F773254CD37A.jpeg 768w, https:\/\/kita-luetzelbach-evangelisch.de\/wp-content\/uploads\/2021\/11\/1FC9CDEA-25AD-43D1-9214-F773254CD37A-225x300.jpeg 225w\" sizes=\"auto, (max-width: 768px) 100vw, 768px\" \/><\/figure><\/li><li class=\"blocks-gallery-item\"><figure><img loading=\"lazy\" decoding=\"async\" width=\"768\" height=\"1024\" src=\"https:\/\/kita-luetzelbach-evangelisch.de\/wp-content\/uploads\/2021\/11\/3A492C0D-4F9F-426E-9609-FB83671F37DB.jpeg\" alt=\"\" data-id=\"3339\" data-full-url=\"https:\/\/kita-luetzelbach-evangelisch.de\/wp-content\/uploads\/2021\/11\/3A492C0D-4F9F-426E-9609-FB83671F37DB.jpeg\" data-link=\"https:\/\/kita-luetzelbach-evangelisch.de\/?attachment_id=3339\" class=\"wp-image-3339\" srcset=\"https:\/\/kita-luetzelbach-evangelisch.de\/wp-content\/uploads\/2021\/11\/3A492C0D-4F9F-426E-9609-FB83671F37DB.jpeg 768w, https:\/\/kita-luetzelbach-evangelisch.de\/wp-content\/uploads\/2021\/11\/3A492C0D-4F9F-426E-9609-FB83671F37DB-225x300.jpeg 225w\" sizes=\"auto, (max-width: 768px) 100vw, 768px\" \/><\/figure><\/li><li class=\"blocks-gallery-item\"><figure><img loading=\"lazy\" decoding=\"async\" width=\"768\" height=\"1024\" src=\"https:\/\/kita-luetzelbach-evangelisch.de\/wp-content\/uploads\/2021\/11\/89E70C19-8931-4BC9-964F-57026BA000DD.jpeg\" alt=\"\" data-id=\"3342\" data-full-url=\"https:\/\/kita-luetzelbach-evangelisch.de\/wp-content\/uploads\/2021\/11\/89E70C19-8931-4BC9-964F-57026BA000DD.jpeg\" data-link=\"https:\/\/kita-luetzelbach-evangelisch.de\/?attachment_id=3342\" class=\"wp-image-3342\" srcset=\"https:\/\/kita-luetzelbach-evangelisch.de\/wp-content\/uploads\/2021\/11\/89E70C19-8931-4BC9-964F-57026BA000DD.jpeg 768w, https:\/\/kita-luetzelbach-evangelisch.de\/wp-content\/uploads\/2021\/11\/89E70C19-8931-4BC9-964F-57026BA000DD-225x300.jpeg 225w\" sizes=\"auto, (max-width: 768px) 100vw, 768px\" \/><\/figure><\/li><li class=\"blocks-gallery-item\"><figure><img loading=\"lazy\" decoding=\"async\" width=\"768\" height=\"1024\" src=\"https:\/\/kita-luetzelbach-evangelisch.de\/wp-content\/uploads\/2021\/11\/73B1075D-4228-4417-89A7-873D678DB486.jpeg\" alt=\"\" data-id=\"3344\" data-full-url=\"https:\/\/kita-luetzelbach-evangelisch.de\/wp-content\/uploads\/2021\/11\/73B1075D-4228-4417-89A7-873D678DB486.jpeg\" data-link=\"https:\/\/kita-luetzelbach-evangelisch.de\/?attachment_id=3344\" class=\"wp-image-3344\" srcset=\"https:\/\/kita-luetzelbach-evangelisch.de\/wp-content\/uploads\/2021\/11\/73B1075D-4228-4417-89A7-873D678DB486.jpeg 768w, https:\/\/kita-luetzelbach-evangelisch.de\/wp-content\/uploads\/2021\/11\/73B1075D-4228-4417-89A7-873D678DB486-225x300.jpeg 225w\" sizes=\"auto, (max-width: 768px) 100vw, 768px\" \/><\/figure><\/li><\/ul><\/figure>\n\n\n\n<p>R\u00e4umlichkeiten der Halbtagskrippengruppe &#8222;Orangene Strolche&#8220;<\/p>\n\n\n\n<figure class=\"wp-block-gallery columns-3 is-cropped wp-block-gallery-3 is-layout-flex wp-block-gallery-is-layout-flex\"><ul class=\"blocks-gallery-grid\"><li class=\"blocks-gallery-item\"><figure><img loading=\"lazy\" decoding=\"async\" width=\"768\" height=\"1024\" src=\"https:\/\/kita-luetzelbach-evangelisch.de\/wp-content\/uploads\/2021\/10\/5ED2946A-4646-4F43-873E-9E3F827A8165-768x1024.jpeg\" alt=\"\" data-id=\"3131\" data-full-url=\"https:\/\/kita-luetzelbach-evangelisch.de\/wp-content\/uploads\/2021\/10\/5ED2946A-4646-4F43-873E-9E3F827A8165.jpeg\" data-link=\"https:\/\/kita-luetzelbach-evangelisch.de\/?attachment_id=3131\" class=\"wp-image-3131\" srcset=\"https:\/\/kita-luetzelbach-evangelisch.de\/wp-content\/uploads\/2021\/10\/5ED2946A-4646-4F43-873E-9E3F827A8165-768x1024.jpeg 768w, https:\/\/kita-luetzelbach-evangelisch.de\/wp-content\/uploads\/2021\/10\/5ED2946A-4646-4F43-873E-9E3F827A8165-225x300.jpeg 225w, https:\/\/kita-luetzelbach-evangelisch.de\/wp-content\/uploads\/2021\/10\/5ED2946A-4646-4F43-873E-9E3F827A8165-1152x1536.jpeg 1152w, https:\/\/kita-luetzelbach-evangelisch.de\/wp-content\/uploads\/2021\/10\/5ED2946A-4646-4F43-873E-9E3F827A8165.jpeg 1536w\" sizes=\"auto, (max-width: 768px) 100vw, 768px\" \/><figcaption class=\"blocks-gallery-item__caption\">Garderobe<\/figcaption><\/figure><\/li><li class=\"blocks-gallery-item\"><figure><img loading=\"lazy\" decoding=\"async\" width=\"768\" height=\"1024\" src=\"https:\/\/kita-luetzelbach-evangelisch.de\/wp-content\/uploads\/2021\/10\/E59663AC-9A82-44D7-A1FC-3D974A93EC0E-768x1024.jpeg\" alt=\"\" data-id=\"3128\" data-full-url=\"https:\/\/kita-luetzelbach-evangelisch.de\/wp-content\/uploads\/2021\/10\/E59663AC-9A82-44D7-A1FC-3D974A93EC0E.jpeg\" data-link=\"https:\/\/kita-luetzelbach-evangelisch.de\/?attachment_id=3128\" class=\"wp-image-3128\" srcset=\"https:\/\/kita-luetzelbach-evangelisch.de\/wp-content\/uploads\/2021\/10\/E59663AC-9A82-44D7-A1FC-3D974A93EC0E-768x1024.jpeg 768w, https:\/\/kita-luetzelbach-evangelisch.de\/wp-content\/uploads\/2021\/10\/E59663AC-9A82-44D7-A1FC-3D974A93EC0E-225x300.jpeg 225w, https:\/\/kita-luetzelbach-evangelisch.de\/wp-content\/uploads\/2021\/10\/E59663AC-9A82-44D7-A1FC-3D974A93EC0E-1152x1536.jpeg 1152w, https:\/\/kita-luetzelbach-evangelisch.de\/wp-content\/uploads\/2021\/10\/E59663AC-9A82-44D7-A1FC-3D974A93EC0E.jpeg 1536w\" sizes=\"auto, (max-width: 768px) 100vw, 768px\" \/><figcaption class=\"blocks-gallery-item__caption\">Gruppenraum (Blickwinkel 1)<\/figcaption><\/figure><\/li><li class=\"blocks-gallery-item\"><figure><img loading=\"lazy\" decoding=\"async\" width=\"768\" height=\"1024\" src=\"https:\/\/kita-luetzelbach-evangelisch.de\/wp-content\/uploads\/2021\/10\/C25A25AF-B979-4F45-9860-D1A47DF1D31E.jpeg\" alt=\"\" data-id=\"3130\" data-full-url=\"https:\/\/kita-luetzelbach-evangelisch.de\/wp-content\/uploads\/2021\/10\/C25A25AF-B979-4F45-9860-D1A47DF1D31E.jpeg\" data-link=\"https:\/\/kita-luetzelbach-evangelisch.de\/?attachment_id=3130\" class=\"wp-image-3130\" srcset=\"https:\/\/kita-luetzelbach-evangelisch.de\/wp-content\/uploads\/2021\/10\/C25A25AF-B979-4F45-9860-D1A47DF1D31E.jpeg 768w, https:\/\/kita-luetzelbach-evangelisch.de\/wp-content\/uploads\/2021\/10\/C25A25AF-B979-4F45-9860-D1A47DF1D31E-225x300.jpeg 225w\" sizes=\"auto, (max-width: 768px) 100vw, 768px\" \/><figcaption class=\"blocks-gallery-item__caption\"> Gruppenraum (Blickwinkel 2) <\/figcaption><\/figure><\/li><li class=\"blocks-gallery-item\"><figure><img loading=\"lazy\" decoding=\"async\" width=\"768\" height=\"1024\" src=\"https:\/\/kita-luetzelbach-evangelisch.de\/wp-content\/uploads\/2021\/10\/72F2A43B-4E47-4AEC-BD88-67B0785531AC-768x1024.jpeg\" alt=\"\" data-id=\"3132\" data-full-url=\"https:\/\/kita-luetzelbach-evangelisch.de\/wp-content\/uploads\/2021\/10\/72F2A43B-4E47-4AEC-BD88-67B0785531AC.jpeg\" data-link=\"https:\/\/kita-luetzelbach-evangelisch.de\/?attachment_id=3132\" class=\"wp-image-3132\" srcset=\"https:\/\/kita-luetzelbach-evangelisch.de\/wp-content\/uploads\/2021\/10\/72F2A43B-4E47-4AEC-BD88-67B0785531AC-768x1024.jpeg 768w, https:\/\/kita-luetzelbach-evangelisch.de\/wp-content\/uploads\/2021\/10\/72F2A43B-4E47-4AEC-BD88-67B0785531AC-225x300.jpeg 225w, https:\/\/kita-luetzelbach-evangelisch.de\/wp-content\/uploads\/2021\/10\/72F2A43B-4E47-4AEC-BD88-67B0785531AC-1152x1536.jpeg 1152w, https:\/\/kita-luetzelbach-evangelisch.de\/wp-content\/uploads\/2021\/10\/72F2A43B-4E47-4AEC-BD88-67B0785531AC.jpeg 1536w\" sizes=\"auto, (max-width: 768px) 100vw, 768px\" \/><figcaption class=\"blocks-gallery-item__caption\">Wickelbereich und Kindertoilette<\/figcaption><\/figure><\/li><li class=\"blocks-gallery-item\"><figure><img loading=\"lazy\" decoding=\"async\" width=\"768\" height=\"1024\" src=\"https:\/\/kita-luetzelbach-evangelisch.de\/wp-content\/uploads\/2021\/10\/58482AAF-F758-410C-8046-AD9C251182B1-768x1024.jpeg\" alt=\"\" data-id=\"3133\" data-full-url=\"https:\/\/kita-luetzelbach-evangelisch.de\/wp-content\/uploads\/2021\/10\/58482AAF-F758-410C-8046-AD9C251182B1.jpeg\" data-link=\"https:\/\/kita-luetzelbach-evangelisch.de\/?attachment_id=3133\" class=\"wp-image-3133\" srcset=\"https:\/\/kita-luetzelbach-evangelisch.de\/wp-content\/uploads\/2021\/10\/58482AAF-F758-410C-8046-AD9C251182B1-768x1024.jpeg 768w, https:\/\/kita-luetzelbach-evangelisch.de\/wp-content\/uploads\/2021\/10\/58482AAF-F758-410C-8046-AD9C251182B1-225x300.jpeg 225w, https:\/\/kita-luetzelbach-evangelisch.de\/wp-content\/uploads\/2021\/10\/58482AAF-F758-410C-8046-AD9C251182B1-1152x1536.jpeg 1152w, https:\/\/kita-luetzelbach-evangelisch.de\/wp-content\/uploads\/2021\/10\/58482AAF-F758-410C-8046-AD9C251182B1.jpeg 1536w\" sizes=\"auto, (max-width: 768px) 100vw, 768px\" \/><figcaption class=\"blocks-gallery-item__caption\">Nebenraum<\/figcaption><\/figure><\/li><\/ul><\/figure>\n\n\n\n<figure class=\"wp-block-image size-large\"><img loading=\"lazy\" decoding=\"async\" width=\"1024\" height=\"732\" src=\"https:\/\/kita-luetzelbach-evangelisch.de\/wp-content\/uploads\/2020\/06\/Krippenflyer_0001-1024x732.jpg\" alt=\"\" class=\"wp-image-810\" srcset=\"https:\/\/kita-luetzelbach-evangelisch.de\/wp-content\/uploads\/2020\/06\/Krippenflyer_0001-1024x732.jpg 1024w, https:\/\/kita-luetzelbach-evangelisch.de\/wp-content\/uploads\/2020\/06\/Krippenflyer_0001-300x214.jpg 300w, https:\/\/kita-luetzelbach-evangelisch.de\/wp-content\/uploads\/2020\/06\/Krippenflyer_0001-768x549.jpg 768w, https:\/\/kita-luetzelbach-evangelisch.de\/wp-content\/uploads\/2020\/06\/Krippenflyer_0001-1536x1097.jpg 1536w, https:\/\/kita-luetzelbach-evangelisch.de\/wp-content\/uploads\/2020\/06\/Krippenflyer_0001-2048x1463.jpg 2048w, https:\/\/kita-luetzelbach-evangelisch.de\/wp-content\/uploads\/2020\/06\/Krippenflyer_0001-420x300.jpg 420w\" sizes=\"auto, (max-width: 1024px) 100vw, 1024px\" \/><\/figure>\n\n\n\n<figure class=\"wp-block-image size-large\"><img loading=\"lazy\" decoding=\"async\" width=\"1024\" height=\"732\" src=\"https:\/\/kita-luetzelbach-evangelisch.de\/wp-content\/uploads\/2020\/06\/Krippenflyer_0002-1024x732.jpg\" alt=\"\" class=\"wp-image-811\" srcset=\"https:\/\/kita-luetzelbach-evangelisch.de\/wp-content\/uploads\/2020\/06\/Krippenflyer_0002-1024x732.jpg 1024w, https:\/\/kita-luetzelbach-evangelisch.de\/wp-content\/uploads\/2020\/06\/Krippenflyer_0002-300x214.jpg 300w, https:\/\/kita-luetzelbach-evangelisch.de\/wp-content\/uploads\/2020\/06\/Krippenflyer_0002-768x549.jpg 768w, https:\/\/kita-luetzelbach-evangelisch.de\/wp-content\/uploads\/2020\/06\/Krippenflyer_0002-1536x1097.jpg 1536w, https:\/\/kita-luetzelbach-evangelisch.de\/wp-content\/uploads\/2020\/06\/Krippenflyer_0002-2048x1463.jpg 2048w, https:\/\/kita-luetzelbach-evangelisch.de\/wp-content\/uploads\/2020\/06\/Krippenflyer_0002-420x300.jpg 420w\" sizes=\"auto, (max-width: 1024px) 100vw, 1024px\" \/><\/figure>\n","protected":false},"excerpt":{"rendered":"<p>R\u00e4umlichkeiten der Ganztagskrippengruppe &#8222;Rote Strolche&#8220; Das Au\u00dfengel\u00e4nde teilen sich die Krippengruppen, dadurch und mit vielen weiteren gemeinsamen Projekten schaffen wir Begegnung. R\u00e4umlichkeiten der Halbtagskrippengruppe &#8222;Orangene Strolche&#8220;<\/p>\n","protected":false},"author":1,"featured_media":0,"parent":41,"menu_order":0,"comment_status":"closed","ping_status":"closed","template":"","meta":{"footnotes":""},"class_list":["post-44","page","type-page","status-publish","hentry"],"_links":{"self":[{"href":"https:\/\/kita-luetzelbach-evangelisch.de\/index.php?rest_route=\/wp\/v2\/pages\/44","targetHints":{"allow":["GET"]}}],"collection":[{"href":"https:\/\/kita-luetzelbach-evangelisch.de\/index.php?rest_route=\/wp\/v2\/pages"}],"about":[{"href":"https:\/\/kita-luetzelbach-evangelisch.de\/index.php?rest_route=\/wp\/v2\/types\/page"}],"author":[{"embeddable":true,"href":"https:\/\/kita-luetzelbach-evangelisch.de\/index.php?rest_route=\/wp\/v2\/users\/1"}],"replies":[{"embeddable":true,"href":"https:\/\/kita-luetzelbach-evangelisch.de\/index.php?rest_route=%2Fwp%2Fv2%2Fcomments&post=44"}],"version-history":[{"count":6,"href":"https:\/\/kita-luetzelbach-evangelisch.de\/index.php?rest_route=\/wp\/v2\/pages\/44\/revisions"}],"predecessor-version":[{"id":3369,"href":"https:\/\/kita-luetzelbach-evangelisch.de\/index.php?rest_route=\/wp\/v2\/pages\/44\/revisions\/3369"}],"up":[{"embeddable":true,"href":"https:\/\/kita-luetzelbach-evangelisch.de\/index.php?rest_route=\/wp\/v2\/pages\/41"}],"wp:attachment":[{"href":"https:\/\/kita-luetzelbach-evangelisch.de\/index.php?rest_route=%2Fwp%2Fv2%2Fmedia&parent=44"}],"curies":[{"name":"wp","href":"https:\/\/api.w.org\/{rel}","templated":true}]}}