{"id":3,"date":"2020-03-18T22:21:40","date_gmt":"2020-03-18T22:21:40","guid":{"rendered":"https:\/\/kita-luetzelbach-evangelisch.de\/?page_id=3"},"modified":"2025-11-18T10:29:10","modified_gmt":"2025-11-18T10:29:10","slug":"privacy-policy","status":"publish","type":"page","link":"https:\/\/kita-luetzelbach-evangelisch.de\/?page_id=3","title":{"rendered":"Datenschutz"},"content":{"rendered":"\n<h1 class=\"wp-block-heading\">Datenschutzerkl\u00e4rung<\/h1>\n\n\n\n<h2 class=\"wp-block-heading\">1. Datenschutz auf einen Blick<\/h2>\n\n\n\n<h3 class=\"wp-block-heading\">Allgemeine Hinweise<\/h3>\n\n\n\n<p>Die folgenden Hinweise geben einen einfachen \u00dcberblick dar\u00fcber, was \nmit Ihren personenbezogenen Daten passiert, wenn Sie unsere Website \nbesuchen. Personenbezogene Daten sind alle Daten, mit denen Sie \npers\u00f6nlich identifiziert werden k\u00f6nnen. Ausf\u00fchrliche Informationen zum \nThema Datenschutz entnehmen Sie unserer unter diesem Text aufgef\u00fchrten \nDatenschutzerkl\u00e4rung.<\/p>\n\n\n\n<h3 class=\"wp-block-heading\">Datenerfassung auf unserer Website<\/h3>\n\n\n\n<p><strong>Wer ist verantwortlich f\u00fcr die Datenerfassung auf dieser Website?<\/strong><\/p>\n\n\n\n<p>Die Datenverarbeitung auf dieser Website erfolgt durch den \nWebsitebetreiber. Dessen Kontaktdaten k\u00f6nnen Sie dem Impressum dieser \nWebsite entnehmen.<\/p>\n\n\n\n<p><strong>Wie erfassen wir Ihre Daten?<\/strong><\/p>\n\n\n\n<p>Ihre Daten werden zum einen dadurch erhoben, dass Sie uns diese \nmitteilen. Hierbei kann es sich z.B. um Daten handeln, die Sie in ein \nKontaktformular eingeben.<\/p>\n\n\n\n<p>Andere Daten werden automatisch beim Besuch der Website durch unsere \nIT-Systeme erfasst. Das sind vor allem technische Daten (z.B. \nInternetbrowser, Betriebssystem oder Uhrzeit des Seitenaufrufs). Die \nErfassung dieser Daten erfolgt automatisch, sobald Sie unsere Website \nbetreten.<\/p>\n\n\n\n<p><strong>Wof\u00fcr nutzen wir Ihre Daten?<\/strong><\/p>\n\n\n\n<p>Ein Teil der Daten wird erhoben, um eine fehlerfreie Bereitstellung \nder Website zu gew\u00e4hrleisten. Andere Daten k\u00f6nnen zur Analyse Ihres \nNutzerverhaltens verwendet werden.<\/p>\n\n\n\n<p><strong>Ihre Rechte<\/strong><\/p>\n\n\n\n<p>Sie haben das Recht,<\/p>\n\n\n\n<ul class=\"wp-block-list\">\n<li>eine Einwilligung jederzeit mit Wirkung f\u00fcr die Zukunft zu widerrufen (\u00a7 11 Abs. 3 DSG-EKD).<\/li>\n\n\n\n<li>Auskunft (\u00a7 19 DSG-EKD) \u00fcber Ihre bei uns gespeicherten Daten zu erhalten.<\/li>\n\n\n\n<li>dass unrichtige Daten \u00fcber Sie bei uns berichtigt (\u00a7 20 DSG-EKD) werden.<\/li>\n\n\n\n<li>dass nicht mehr erforderliche Daten \u00fcber Sie bei uns gel\u00f6scht (\u00a7 21 DSG-EKD) werden.<\/li>\n\n\n\n<li>dass unter bestimmten Bedingungen die Verarbeitung Ihrer Daten eingeschr\u00e4nkt (\u00a7 22 DSG-EKD) wird. Das kann beispielsweise der Fall sein, wenn z. B. eine L\u00f6schung nicht m\u00f6glich ist, die Daten aber nicht weiterverarbeitet werden d\u00fcrfen.<\/li>\n\n\n\n<li>dass Ihre Daten \u00fcbertragbar (\u00a7 24 DSG-EKD) sind. Dieses Recht gilt insbesondere dann, wenn Sie zur Verarbeitung Ihrer Daten eine Einwilligung gegeben haben ober wenn die Verarbeitung der Daten notwendig ist, um einen Vertrag zu erf\u00fcllen. Das Recht auf Daten\u00fcbertragbarkeit besteht nicht, soweit Ihre Daten im Rahmen der gesetzlichen Aufgabenerf\u00fcllung der EKHN verarbeitet werden.<\/li>\n\n\n\n<li>in einer besonderen Situation der weiteren Verarbeitung Ihrer personenbezogenen Daten zu widersprechen (\u00a7 25 DSG-EKD), soweit dies durch die Wahrnehmung \u00f6ffentlicher Aufgaben oder \u00f6ffentlicher sowie privater Interessen gerechtfertigt ist.<\/li>\n\n\n\n<li>sich bei der zust\u00e4ndigen Aufsichtsbeh\u00f6rde zu beschweren (\u00a7 46 DSG-EKD), wenn Sie der Meinung sind, dass die Verarbeitung Ihrer Daten gegen die gesetzlichen Vorgaben verst\u00f6\u00dft<\/li>\n<\/ul>\n\n\n\n<h3 class=\"wp-block-heading\">Analyse-Tools und Tools von Drittanbietern<\/h3>\n\n\n\n<p>Beim Besuch unserer Website kann Ihr Surf-Verhalten statistisch \nausgewertet werden. Das geschieht vor allem mit Cookies und mit \nsogenannten Analyseprogrammen. Die Analyse Ihres Surf-Verhaltens erfolgt\n in der Regel anonym; das Surf-Verhalten kann nicht zu Ihnen \nzur\u00fcckverfolgt werden. Sie k\u00f6nnen dieser Analyse widersprechen oder sie \ndurch die Nichtbenutzung bestimmter Tools verhindern. Detaillierte \nInformationen dazu finden Sie in der folgenden Datenschutzerkl\u00e4rung.<\/p>\n\n\n\n<p>Sie k\u00f6nnen dieser Analyse widersprechen. \u00dcber die \nWiderspruchsm\u00f6glichkeiten werden wir Sie in dieser Datenschutzerkl\u00e4rung \ninformieren.<\/p>\n\n\n\n<h2 class=\"wp-block-heading\">2. Allgemeine Hinweise und Pflichtinformationen<\/h2>\n\n\n\n<h3 class=\"wp-block-heading\">Datenschutz<\/h3>\n\n\n\n<p>Die Betreiber dieser Seiten nehmen den Schutz Ihrer pers\u00f6nlichen \nDaten sehr ernst. Wir behandeln Ihre personenbezogenen Daten vertraulich\n und entsprechend der gesetzlichen Datenschutzvorschriften sowie dieser \nDatenschutzerkl\u00e4rung.<\/p>\n\n\n\n<p>Wenn Sie diese Website benutzen, werden verschiedene personenbezogene\n Daten erhoben. Personenbezogene Daten sind Daten, mit denen Sie \npers\u00f6nlich identifiziert werden k\u00f6nnen. Die vorliegende \nDatenschutzerkl\u00e4rung erl\u00e4utert, welche Daten wir erheben und wof\u00fcr wir \nsie nutzen. Sie erl\u00e4utert auch, wie und zu welchem Zweck das geschieht.<\/p>\n\n\n\n<p>Wir weisen darauf hin, dass die Daten\u00fcbertragung im Internet (z.B. \nbei der Kommunikation per E-Mail) Sicherheitsl\u00fccken aufweisen kann. Ein \nl\u00fcckenloser Schutz der Daten vor dem Zugriff durch Dritte ist nicht \nm\u00f6glich.<\/p>\n\n\n\n<h3 class=\"wp-block-heading\">Hinweis zur verantwortlichen Stelle<\/h3>\n\n\n\n<p>Die verantwortliche Stelle f\u00fcr die Datenverarbeitung auf dieser Website ist:<\/p>\n\n\n\n<p>Silke Ludwig<br>Schulstra\u00dfe 22<br>64750 L\u00fctzelbach<\/p>\n\n\n\n<p>Telefon: 06165\/562<br> E-Mail: kita.luetzelbach@ekhn.de<\/p>\n\n\n\n<p>Verantwortliche Stelle ist die nat\u00fcrliche oder juristische Person, \ndie allein oder gemeinsam mit anderen \u00fcber die Zwecke und Mittel der \nVerarbeitung von personenbezogenen Daten (z.B. Namen, E-Mail-Adressen o.\n \u00c4.) entscheidet.<\/p>\n\n\n\n<p><strong>Der Datenschutzbeauftragte f\u00fcr den Datenschutz der Evangelischen Kirchen in Deutschland<\/strong><\/p>\n\n\n\n<p>Die Aufsicht \u00fcber die Einhaltung der Vorschriften zum Datenschutz obliegt im kirchlichen Bereich dem Beauftragten f\u00fcr den Datenschutz der EKD. F\u00fcr den Bereich der Evangelischen Kirche in Hessen und Nassau (EKHN) ist zust\u00e4ndig die <br><br>Au\u00dfenstelle Dortmund f\u00fcr die Datenschutzregion Mitte-West<br>Friedhof 4<br>44135 Dortmund<br>Tel: 0231 \/ 533827-0<br>Fax: 0231 \/ 533827-20<br>E-Mail: mitte-west@datenschutz.ekd.de<\/p>\n\n\n\n<p><\/p>\n\n\n\n<h3 class=\"wp-block-heading\">Widerruf Ihrer Einwilligung zur Datenverarbeitung<\/h3>\n\n\n\n<p>Viele Datenverarbeitungsvorg\u00e4nge sind nur mit Ihrer ausdr\u00fccklichen \nEinwilligung m\u00f6glich. Sie k\u00f6nnen eine bereits erteilte Einwilligung \njederzeit widerrufen. Dazu reicht eine formlose Mitteilung per E-Mail an\n uns. Die Rechtm\u00e4\u00dfigkeit der bis zum Widerruf erfolgten \nDatenverarbeitung bleibt vom Widerruf unber\u00fchrt.<\/p>\n\n\n\n<h3 class=\"wp-block-heading\">Beschwerderecht bei der zust\u00e4ndigen Aufsichtsbeh\u00f6rde<\/h3>\n\n\n\n<p>Im Falle datenschutzrechtlicher Verst\u00f6\u00dfe steht dem Betroffenen ein \nBeschwerderecht bei der zust\u00e4ndigen Aufsichtsbeh\u00f6rde zu. Zust\u00e4ndige \nAufsichtsbeh\u00f6rde in datenschutzrechtlichen Fragen ist der \nLandesdatenschutzbeauftragte des Bundeslandes, in dem unser Unternehmen \nseinen Sitz hat. Eine Liste der Datenschutzbeauftragten sowie deren \nKontaktdaten k\u00f6nnen folgendem Link entnommen werden: <a href=\"https:\/\/www.bfdi.bund.de\/DE\/Infothek\/Anschriften_Links\/anschriften_links-node.html\" target=\"_blank\" rel=\"noreferrer noopener\">https:\/\/www.bfdi.bund.de\/DE\/Infothek\/Anschriften_Links\/anschriften_links-node.html<\/a>.<\/p>\n\n\n\n<h3 class=\"wp-block-heading\">Recht auf Daten\u00fcbertragbarkeit<\/h3>\n\n\n\n<p>Sie haben das Recht, Daten, die wir auf Grundlage Ihrer Einwilligung \noder in Erf\u00fcllung eines Vertrags automatisiert verarbeiten, an sich oder\n an einen Dritten in einem g\u00e4ngigen, maschinenlesbaren Format \naush\u00e4ndigen zu lassen. Sofern Sie die direkte \u00dcbertragung der Daten an \neinen anderen Verantwortlichen verlangen, erfolgt dies nur, soweit es \ntechnisch machbar ist.<\/p>\n\n\n\n<h3 class=\"wp-block-heading\">Auskunft, Sperrung, L\u00f6schung<\/h3>\n\n\n\n<p>Sie haben im Rahmen der geltenden gesetzlichen Bestimmungen jederzeit\n das Recht auf unentgeltliche Auskunft \u00fcber Ihre gespeicherten \npersonenbezogenen Daten, deren Herkunft und Empf\u00e4nger und den Zweck der \nDatenverarbeitung und ggf. ein Recht auf Berichtigung, Sperrung oder \nL\u00f6schung dieser Daten. Hierzu sowie zu weiteren Fragen zum Thema \npersonenbezogene Daten k\u00f6nnen Sie sich jederzeit unter der im Impressum \nangegebenen Adresse an uns wenden.<\/p>\n\n\n\n<h2 class=\"wp-block-heading\">3. Datenerfassung auf unserer Website<\/h2>\n\n\n\n<h3 class=\"wp-block-heading\">Cookies<\/h3>\n\n\n\n<p>Die Internetseiten verwenden teilweise so genannte Cookies. Cookies \nrichten auf Ihrem Rechner keinen Schaden an und enthalten keine Viren. \nCookies dienen dazu, unser Angebot nutzerfreundlicher, effektiver und \nsicherer zu machen. Cookies sind kleine Textdateien, die auf Ihrem \nRechner abgelegt werden und die Ihr Browser speichert.<\/p>\n\n\n\n<p>Die meisten der von uns verwendeten Cookies sind so genannte \n\u201cSession-Cookies\u201d. Sie werden nach Ende Ihres Besuchs automatisch \ngel\u00f6scht. Andere Cookies bleiben auf Ihrem Endger\u00e4t gespeichert bis Sie \ndiese l\u00f6schen. Diese Cookies erm\u00f6glichen es uns, Ihren Browser beim \nn\u00e4chsten Besuch wiederzuerkennen.<\/p>\n\n\n\n<p>Sie k\u00f6nnen Ihren Browser so einstellen, dass Sie \u00fcber das Setzen von \nCookies informiert werden und Cookies nur im Einzelfall erlauben, die \nAnnahme von Cookies f\u00fcr bestimmte F\u00e4lle oder generell ausschlie\u00dfen sowie\n das automatische L\u00f6schen der Cookies beim Schlie\u00dfen des Browser \naktivieren. Bei der Deaktivierung von Cookies kann die Funktionalit\u00e4t \ndieser Website eingeschr\u00e4nkt sein.<\/p>\n\n\n\n<p>Cookies, die zur Durchf\u00fchrung des elektronischen \nKommunikationsvorgangs oder zur Bereitstellung bestimmter, von Ihnen \nerw\u00fcnschter Funktionen (z.B. Warenkorbfunktion) erforderlich sind, \nwerden auf Grundlage von Art. 6 Abs. 1 lit. f DSGVO gespeichert. Der \nWebsitebetreiber hat ein berechtigtes Interesse an der Speicherung von \nCookies zur technisch fehlerfreien und optimierten Bereitstellung seiner\n Dienste. Soweit andere Cookies (z.B. Cookies zur Analyse Ihres \nSurfverhaltens) gespeichert werden, werden diese in dieser \nDatenschutzerkl\u00e4rung gesondert behandelt.<\/p>\n\n\n\n<h3 class=\"wp-block-heading\">Server-Log-Dateien<\/h3>\n\n\n\n<p>Der Provider der Seiten erhebt und speichert automatisch \nInformationen in so genannten Server-Log-Dateien, die Ihr Browser \nautomatisch an uns \u00fcbermittelt. Dies sind:<\/p>\n\n\n\n<ul class=\"wp-block-list\">\n<li>Browsertyp und Browserversion<\/li>\n\n\n\n<li>verwendetes Betriebssystem<\/li>\n\n\n\n<li>Referrer URL<\/li>\n\n\n\n<li>Hostname des zugreifenden Rechners<\/li>\n\n\n\n<li>Uhrzeit der Serveranfrage<\/li>\n\n\n\n<li>IP-Adresse<\/li>\n<\/ul>\n\n\n\n<p>Eine Zusammenf\u00fchrung dieser Daten mit anderen Datenquellen wird nicht vorgenommen.<\/p>\n\n\n\n<p>Grundlage f\u00fcr die Datenverarbeitung ist Art. 6 Abs. 1 lit. f DSGVO, \nder die Verarbeitung von Daten zur Erf\u00fcllung eines Vertrags oder \nvorvertraglicher Ma\u00dfnahmen gestattet.<\/p>\n","protected":false},"excerpt":{"rendered":"<p>Datenschutzerkl\u00e4rung 1. Datenschutz auf einen Blick Allgemeine Hinweise Die folgenden Hinweise geben einen einfachen \u00dcberblick dar\u00fcber, was mit Ihren personenbezogenen Daten passiert, wenn Sie unsere Website besuchen. Personenbezogene Daten sind alle Daten, mit denen Sie pers\u00f6nlich identifiziert werden k\u00f6nnen. Ausf\u00fchrliche &hellip; <a href=\"https:\/\/kita-luetzelbach-evangelisch.de\/?page_id=3\">Weiterlesen <span class=\"meta-nav\">&rarr;<\/span><\/a><\/p>\n","protected":false},"author":1,"featured_media":0,"parent":0,"menu_order":8,"comment_status":"closed","ping_status":"closed","template":"sidebar-page.php","meta":{"footnotes":""},"class_list":["post-3","page","type-page","status-publish","hentry"],"_links":{"self":[{"href":"https:\/\/kita-luetzelbach-evangelisch.de\/index.php?rest_route=\/wp\/v2\/pages\/3","targetHints":{"allow":["GET"]}}],"collection":[{"href":"https:\/\/kita-luetzelbach-evangelisch.de\/index.php?rest_route=\/wp\/v2\/pages"}],"about":[{"href":"https:\/\/kita-luetzelbach-evangelisch.de\/index.php?rest_route=\/wp\/v2\/types\/page"}],"author":[{"embeddable":true,"href":"https:\/\/kita-luetzelbach-evangelisch.de\/index.php?rest_route=\/wp\/v2\/users\/1"}],"replies":[{"embeddable":true,"href":"https:\/\/kita-luetzelbach-evangelisch.de\/index.php?rest_route=%2Fwp%2Fv2%2Fcomments&post=3"}],"version-history":[{"count":5,"href":"https:\/\/kita-luetzelbach-evangelisch.de\/index.php?rest_route=\/wp\/v2\/pages\/3\/revisions"}],"predecessor-version":[{"id":9335,"href":"https:\/\/kita-luetzelbach-evangelisch.de\/index.php?rest_route=\/wp\/v2\/pages\/3\/revisions\/9335"}],"wp:attachment":[{"href":"https:\/\/kita-luetzelbach-evangelisch.de\/index.php?rest_route=%2Fwp%2Fv2%2Fmedia&parent=3"}],"curies":[{"name":"wp","href":"https:\/\/api.w.org\/{rel}","templated":true}]}}